{"id":859,"date":"2018-03-10T00:32:28","date_gmt":"2018-03-09T23:32:28","guid":{"rendered":"http:\/\/www.teksoft.dk\/wptest7\/?page_id=859"},"modified":"2023-02-18T02:29:43","modified_gmt":"2023-02-18T01:29:43","slug":"bliv-medlem","status":"publish","type":"page","link":"http:\/\/www.mcsneglene.dk\/?page_id=859","title":{"rendered":"Bliv Medlem"},"content":{"rendered":"\t\t<div data-elementor-type=\"wp-page\" data-elementor-id=\"859\" class=\"elementor elementor-859\" data-elementor-post-type=\"page\">\n\t\t\t\t\t\t<section class=\"elementor-section elementor-top-section elementor-element elementor-element-d20ddab elementor-section-boxed elementor-section-height-default elementor-section-height-default\" data-id=\"d20ddab\" data-element_type=\"section\">\n\t\t\t\t\t\t<div class=\"elementor-container elementor-column-gap-default\">\n\t\t\t\t\t<div class=\"elementor-column elementor-col-100 elementor-top-column elementor-element elementor-element-ba62900\" data-id=\"ba62900\" data-element_type=\"column\">\n\t\t\t<div class=\"elementor-widget-wrap elementor-element-populated\">\n\t\t\t\t\t\t<div class=\"elementor-element elementor-element-1bd0aba elementor-widget elementor-widget-image\" data-id=\"1bd0aba\" data-element_type=\"widget\" data-widget_type=\"image.default\">\n\t\t\t\t<div class=\"elementor-widget-container\">\n\t\t\t\t\t\t\t\t\t\t\t\t\t\t\t<img fetchpriority=\"high\" decoding=\"async\" width=\"1000\" height=\"162\" src=\"http:\/\/www.mcsneglene.dk\/wp-content\/uploads\/2018\/03\/blivmedlem-1.jpg\" class=\"attachment-large size-large wp-image-862\" alt=\"\" srcset=\"http:\/\/www.mcsneglene.dk\/wp-content\/uploads\/2018\/03\/blivmedlem-1.jpg 1000w, http:\/\/www.mcsneglene.dk\/wp-content\/uploads\/2018\/03\/blivmedlem-1-300x49.jpg 300w, http:\/\/www.mcsneglene.dk\/wp-content\/uploads\/2018\/03\/blivmedlem-1-768x124.jpg 768w\" sizes=\"(max-width: 1000px) 100vw, 1000px\" \/>\t\t\t\t\t\t\t\t\t\t\t\t\t\t\t<\/div>\n\t\t\t\t<\/div>\n\t\t\t\t\t<\/div>\n\t\t<\/div>\n\t\t\t\t\t<\/div>\n\t\t<\/section>\n\t\t\t\t<section class=\"elementor-section elementor-top-section elementor-element elementor-element-429fc31 elementor-section-boxed elementor-section-height-default elementor-section-height-default\" data-id=\"429fc31\" data-element_type=\"section\">\n\t\t\t\t\t\t<div class=\"elementor-container elementor-column-gap-default\">\n\t\t\t\t\t<div class=\"elementor-column elementor-col-100 elementor-top-column elementor-element elementor-element-3d79dc9\" data-id=\"3d79dc9\" data-element_type=\"column\">\n\t\t\t<div class=\"elementor-widget-wrap elementor-element-populated\">\n\t\t\t\t\t\t<div class=\"elementor-element elementor-element-19edaee elementor-widget elementor-widget-text-editor\" data-id=\"19edaee\" data-element_type=\"widget\" data-widget_type=\"text-editor.default\">\n\t\t\t\t<div class=\"elementor-widget-container\">\n\t\t\t\t\t\t\t\t\t<p class=\"Body P-1\"><span class=\"C-1\"><span style=\"color: #ccae8a;\"><strong>FULDGYLDIGT MEDLEM:<\/strong><\/span><br \/><span class=\"C-2\">F<\/span><span class=\"C-3\">or at blive fuldgyldigt medlem af MC Sneglene skal du v\u00e6re ejer af en chopper\/custom eller cruiser mc. Men f\u00f8r man bliver fuldgyldig medlem skal man v\u00e6re pr\u00f8ve medlem i 6 m\u00e5neder. Vi forventer ikke s\u00e5 meget af et pr\u00f8vemedlem andet end godt hum\u00f8r, j\u00e6vnligt fremm\u00f8de p\u00e5 klub aftner og f\u00e6llesm\u00f8der, \u00a0og at du k\u00f8re fornuftigt p\u00e5 din mc. Fra den m\u00e5ned du f\u00f8rst betaler kontingent, er du pr\u00f8vemedlem.<\/span><\/span><\/p><p class=\"Body P-2\"><span class=\"C-3\">Ens pr\u00f8veperiode kan m\u00e5ske blive forl\u00e6nget. Grunden kan f.eks. v\u00e6re at man har meldt sig ind i vinterm\u00e5nederne, og s\u00e5 vil vi gerne se hvordan du k\u00f8rer. Eller for lidt fremm\u00f8de.<\/span><\/p><p class=\"Body P-1\"><span class=\"C-1\"><span style=\"color: #ccae8a;\"><strong>ST\u00d8TTEMEDLEM:<\/strong><\/span><span class=\"C-4\"><span class=\"C-5\"><br \/><\/span><span class=\"C-3\">Man kan blive st\u00f8ttemedlem I MC Sneglene hvis man har interesse I Bikermilj\u00f8et. Der er ingen krav om at man skal eje en MC, men har man en er man velkommen til at k\u00f8re med p\u00e5 f\u00e6llesture. Som st\u00f8ttemedlem betaler man et \u00e5rligt kontingent, og man kan deltage I klubbens f\u00e6lles arrangementer. Har dette din interesse eller har du sp\u00f8rgsm\u00e5l, s\u00e5 kontakt vores Pr\u00e6sident.<\/span><\/span><\/span><\/p><p class=\"Body P-1\"><span class=\"C-1\"><span style=\"color: #ccae8a;\"><strong>SUR K\u00c6LLING &#8211;<wbr \/> SUR STODDER:<\/strong><\/span><br \/><span class=\"C-3\">Hvis man er gift eller k\u00e6reste med et fuldgyldigt medlem, vil man automatisk blive en Sur K\u00e6lling eller Sur Stodder.<\/span><\/span><\/p><p class=\"Body P-1\"><span class=\"C-1\"><span style=\"color: #ccae8a;\"><strong>FIRMA ST\u00d8TTEMEDLEM:<\/strong><\/span><br \/><span class=\"C-3\">Man kan som firma blive st\u00f8ttemedlem I MC Sneglene, hvis man vil st\u00f8tte op om klubben. Ved et mindre \u00e5rligt bel\u00f8b, vil man f\u00e5 sit navn og link p\u00e5 vores hjemmeside m.m. Vi tilbyder s\u00e5 et sammenarbejde mellem vore medlemmer og firmaet. Har dette din interesse eller har du sp\u00f8rgsm\u00e5l, s\u00e5 kontakt vores pr\u00e6sident.<\/span><\/span><\/p>\t\t\t\t\t\t\t\t<\/div>\n\t\t\t\t<\/div>\n\t\t\t\t\t<\/div>\n\t\t<\/div>\n\t\t\t\t\t<\/div>\n\t\t<\/section>\n\t\t\t\t<\/div>\n\t\t","protected":false},"excerpt":{"rendered":"<p>FULDGYLDIGT MEDLEM:For at blive fuldgyldigt medlem af MC Sneglene skal du v\u00e6re ejer af en chopper\/custom eller cruiser mc. Men f\u00f8r man bliver fuldgyldig medlem skal man v\u00e6re pr\u00f8ve medlem i 6 m\u00e5neder. Vi forventer ikke s\u00e5 meget af et pr\u00f8vemedlem andet end godt hum\u00f8r, j\u00e6vnligt fremm\u00f8de p\u00e5 klub aftner og f\u00e6llesm\u00f8der, \u00a0og at du &#8230; <a title=\"Bliv Medlem\" class=\"read-more\" href=\"http:\/\/www.mcsneglene.dk\/?page_id=859\" aria-label=\"Read more about Bliv Medlem\">L\u00e6s mere <\/a><\/p>\n","protected":false},"author":1,"featured_media":0,"parent":0,"menu_order":0,"comment_status":"closed","ping_status":"closed","template":"","meta":{"generate_page_header":"","footnotes":""},"class_list":["post-859","page","type-page","status-publish"],"_links":{"self":[{"href":"http:\/\/www.mcsneglene.dk\/index.php?rest_route=\/wp\/v2\/pages\/859","targetHints":{"allow":["GET"]}}],"collection":[{"href":"http:\/\/www.mcsneglene.dk\/index.php?rest_route=\/wp\/v2\/pages"}],"about":[{"href":"http:\/\/www.mcsneglene.dk\/index.php?rest_route=\/wp\/v2\/types\/page"}],"author":[{"embeddable":true,"href":"http:\/\/www.mcsneglene.dk\/index.php?rest_route=\/wp\/v2\/users\/1"}],"replies":[{"embeddable":true,"href":"http:\/\/www.mcsneglene.dk\/index.php?rest_route=%2Fwp%2Fv2%2Fcomments&post=859"}],"version-history":[{"count":13,"href":"http:\/\/www.mcsneglene.dk\/index.php?rest_route=\/wp\/v2\/pages\/859\/revisions"}],"predecessor-version":[{"id":2231,"href":"http:\/\/www.mcsneglene.dk\/index.php?rest_route=\/wp\/v2\/pages\/859\/revisions\/2231"}],"wp:attachment":[{"href":"http:\/\/www.mcsneglene.dk\/index.php?rest_route=%2Fwp%2Fv2%2Fmedia&parent=859"}],"curies":[{"name":"wp","href":"https:\/\/api.w.org\/{rel}","templated":true}]}}