{"id":867,"date":"2018-03-10T00:43:18","date_gmt":"2018-03-09T23:43:18","guid":{"rendered":"http:\/\/www.teksoft.dk\/wptest7\/?page_id=867"},"modified":"2023-02-18T02:35:16","modified_gmt":"2023-02-18T01:35:16","slug":"koersel-for-cancerramte-boern","status":"publish","type":"page","link":"http:\/\/www.mcsneglene.dk\/?page_id=867","title":{"rendered":"K\u00f8rsel for Cancerramte B\u00f8rn"},"content":{"rendered":"\t\t<div data-elementor-type=\"wp-page\" data-elementor-id=\"867\" class=\"elementor elementor-867\" data-elementor-post-type=\"page\">\n\t\t\t\t\t\t<section class=\"elementor-section elementor-top-section elementor-element elementor-element-f3cfbcf elementor-section-boxed elementor-section-height-default elementor-section-height-default\" data-id=\"f3cfbcf\" data-element_type=\"section\">\n\t\t\t\t\t\t<div class=\"elementor-container elementor-column-gap-default\">\n\t\t\t\t\t<div class=\"elementor-column elementor-col-100 elementor-top-column elementor-element elementor-element-24d4cfb\" data-id=\"24d4cfb\" data-element_type=\"column\">\n\t\t\t<div class=\"elementor-widget-wrap elementor-element-populated\">\n\t\t\t\t\t\t<div class=\"elementor-element elementor-element-b5f9379 elementor-widget elementor-widget-image\" data-id=\"b5f9379\" data-element_type=\"widget\" data-widget_type=\"image.default\">\n\t\t\t\t<div class=\"elementor-widget-container\">\n\t\t\t\t\t\t\t\t\t\t\t\t\t\t\t<img fetchpriority=\"high\" decoding=\"async\" width=\"1000\" height=\"162\" src=\"http:\/\/www.mcsneglene.dk\/wp-content\/uploads\/2018\/03\/foreningencb.jpg\" class=\"attachment-large size-large wp-image-869\" alt=\"\" srcset=\"http:\/\/www.mcsneglene.dk\/wp-content\/uploads\/2018\/03\/foreningencb.jpg 1000w, http:\/\/www.mcsneglene.dk\/wp-content\/uploads\/2018\/03\/foreningencb-300x49.jpg 300w, http:\/\/www.mcsneglene.dk\/wp-content\/uploads\/2018\/03\/foreningencb-768x124.jpg 768w\" sizes=\"(max-width: 1000px) 100vw, 1000px\" \/>\t\t\t\t\t\t\t\t\t\t\t\t\t\t\t<\/div>\n\t\t\t\t<\/div>\n\t\t\t\t\t<\/div>\n\t\t<\/div>\n\t\t\t\t\t<\/div>\n\t\t<\/section>\n\t\t\t\t<section class=\"elementor-section elementor-top-section elementor-element elementor-element-854c4fc elementor-section-boxed elementor-section-height-default elementor-section-height-default\" data-id=\"854c4fc\" data-element_type=\"section\">\n\t\t\t\t\t\t<div class=\"elementor-container elementor-column-gap-default\">\n\t\t\t\t\t<div class=\"elementor-column elementor-col-100 elementor-top-column elementor-element elementor-element-244dc29\" data-id=\"244dc29\" data-element_type=\"column\">\n\t\t\t<div class=\"elementor-widget-wrap elementor-element-populated\">\n\t\t\t\t\t\t<div class=\"elementor-element elementor-element-2a4556c elementor-widget elementor-widget-text-editor\" data-id=\"2a4556c\" data-element_type=\"widget\" data-widget_type=\"text-editor.default\">\n\t\t\t\t<div class=\"elementor-widget-container\">\n\t\t\t\t\t\t\t\t\t<p>I lighed med andre klubbers k\u00f8rsel med hjerteb\u00f8rn og b\u00f8rnetr\u00e6f, har vi ogs\u00e5 vores egen k\u00f8rsel med cancerramte b\u00f8rn. <br \/><br \/>P\u00e5 grund af b\u00f8rnenes d\u00e5rlige immunforsvar, foreg\u00e5r arrangementet med mindst mulig kontakt til andre mennesker og det betyder, at vi der deltager den dag, skal v\u00e6re 100% fri for smittefarlige sygdomme. <br \/><br \/>P\u00e5 Bakken, som turen g\u00e5r til, \u00e5bner teltholderne deres boder to timer f\u00f8r normal \u00e5bningstid, det giver b\u00f8rnene mulighed for at more sig, uden de beh\u00f8ver risikere, at deres tilstand forv\u00e6rres.<br \/><br \/>Vi starter om morgenen, hvor de modigste og mest friske b\u00f8rn er m\u00f8dt op sammen med deres for\u00e6ldre og der g\u00e5r ikke lang tid, f\u00f8r de har bestemt sig for hvilken motorcykel de vil sidde bagp\u00e5. Vi m\u00f8des i klubhuset og k\u00f8rer til Bakken. N\u00e5r vi ankommer til Bakken, st\u00e5r der flere b\u00f8rn og venter p\u00e5 parkeringspladsen, der overvejer om de t\u00f8r tage en tur p\u00e5 de skinnende to- og trehjulede vidundere. Her k\u00f8rer vi b\u00f8rnene rundt en times tid, indtil de skal videre til Bakkens forlystelser. Vi futter hjem, eller til et arrangement andet sted i landet, beriget med en ekstra dimension i livet.<\/p>\t\t\t\t\t\t\t\t<\/div>\n\t\t\t\t<\/div>\n\t\t\t\t\t<\/div>\n\t\t<\/div>\n\t\t\t\t\t<\/div>\n\t\t<\/section>\n\t\t\t\t<section class=\"elementor-section elementor-top-section elementor-element elementor-element-9ba239f elementor-section-boxed elementor-section-height-default elementor-section-height-default\" data-id=\"9ba239f\" data-element_type=\"section\">\n\t\t\t\t\t\t<div class=\"elementor-container elementor-column-gap-default\">\n\t\t\t\t\t<div class=\"elementor-column elementor-col-100 elementor-top-column elementor-element elementor-element-eb7b683\" data-id=\"eb7b683\" data-element_type=\"column\">\n\t\t\t<div class=\"elementor-widget-wrap elementor-element-populated\">\n\t\t\t\t\t\t<div class=\"elementor-element elementor-element-b71a1b1 elementor-widget elementor-widget-text-editor\" data-id=\"b71a1b1\" data-element_type=\"widget\" data-widget_type=\"text-editor.default\">\n\t\t\t\t<div class=\"elementor-widget-container\">\n\t\t\t\t\t\t\t\t\t<p style=\"text-align: center;\">Galleri<\/p>\t\t\t\t\t\t\t\t<\/div>\n\t\t\t\t<\/div>\n\t\t\t\t\t<\/div>\n\t\t<\/div>\n\t\t\t\t\t<\/div>\n\t\t<\/section>\n\t\t\t\t<section class=\"elementor-section elementor-top-section elementor-element elementor-element-2f63871 elementor-section-boxed elementor-section-height-default elementor-section-height-default\" data-id=\"2f63871\" data-element_type=\"section\">\n\t\t\t\t\t\t<div class=\"elementor-container elementor-column-gap-default\">\n\t\t\t\t\t<div class=\"elementor-column elementor-col-100 elementor-top-column elementor-element elementor-element-01e6590\" data-id=\"01e6590\" data-element_type=\"column\">\n\t\t\t<div class=\"elementor-widget-wrap elementor-element-populated\">\n\t\t\t\t\t\t<div class=\"elementor-element elementor-element-0a7dee3 elementor-align-center elementor-widget elementor-widget-button\" data-id=\"0a7dee3\" data-element_type=\"widget\" data-widget_type=\"button.default\">\n\t\t\t\t<div class=\"elementor-widget-container\">\n\t\t\t\t\t\t\t\t\t<div class=\"elementor-button-wrapper\">\n\t\t\t\t\t<a class=\"elementor-button elementor-button-link elementor-size-sm\" href=\"https:\/\/1drv.ms\/f\/s!AmfPDf2QJJFVgps9-hmAIWtgo4gnnw\">\n\t\t\t\t\t\t<span class=\"elementor-button-content-wrapper\">\n\t\t\t\t\t\t\t\t\t<span class=\"elementor-button-text\">k\u00f8rsel med Cancerramte B\u00f8rn 2019<\/span>\n\t\t\t\t\t<\/span>\n\t\t\t\t\t<\/a>\n\t\t\t\t<\/div>\n\t\t\t\t\t\t\t\t<\/div>\n\t\t\t\t<\/div>\n\t\t\t\t<div class=\"elementor-element elementor-element-43fd021 elementor-align-center elementor-widget elementor-widget-button\" data-id=\"43fd021\" data-element_type=\"widget\" data-widget_type=\"button.default\">\n\t\t\t\t<div class=\"elementor-widget-container\">\n\t\t\t\t\t\t\t\t\t<div class=\"elementor-button-wrapper\">\n\t\t\t\t\t<a class=\"elementor-button elementor-button-link elementor-size-sm\" href=\"https:\/\/1drv.ms\/f\/s!AmfPDf2QJJFVgpl5lle4Ha_bwESwLA\">\n\t\t\t\t\t\t<span class=\"elementor-button-content-wrapper\">\n\t\t\t\t\t\t\t\t\t<span class=\"elementor-button-text\">k\u00f8rsel med Cancerramte B\u00f8rn 2018<\/span>\n\t\t\t\t\t<\/span>\n\t\t\t\t\t<\/a>\n\t\t\t\t<\/div>\n\t\t\t\t\t\t\t\t<\/div>\n\t\t\t\t<\/div>\n\t\t\t\t\t<\/div>\n\t\t<\/div>\n\t\t\t\t\t<\/div>\n\t\t<\/section>\n\t\t\t\t<\/div>\n\t\t","protected":false},"excerpt":{"rendered":"<p>I lighed med andre klubbers k\u00f8rsel med hjerteb\u00f8rn og b\u00f8rnetr\u00e6f, har vi ogs\u00e5 vores egen k\u00f8rsel med cancerramte b\u00f8rn. P\u00e5 grund af b\u00f8rnenes d\u00e5rlige immunforsvar, foreg\u00e5r arrangementet med mindst mulig kontakt til andre mennesker og det betyder, at vi der deltager den dag, skal v\u00e6re 100% fri for smittefarlige sygdomme. P\u00e5 Bakken, som turen g\u00e5r &#8230; <a title=\"K\u00f8rsel for Cancerramte B\u00f8rn\" class=\"read-more\" href=\"http:\/\/www.mcsneglene.dk\/?page_id=867\" aria-label=\"Read more about K\u00f8rsel for Cancerramte B\u00f8rn\">L\u00e6s mere <\/a><\/p>\n","protected":false},"author":1,"featured_media":0,"parent":0,"menu_order":0,"comment_status":"closed","ping_status":"closed","template":"","meta":{"generate_page_header":"","footnotes":""},"class_list":["post-867","page","type-page","status-publish"],"_links":{"self":[{"href":"http:\/\/www.mcsneglene.dk\/index.php?rest_route=\/wp\/v2\/pages\/867","targetHints":{"allow":["GET"]}}],"collection":[{"href":"http:\/\/www.mcsneglene.dk\/index.php?rest_route=\/wp\/v2\/pages"}],"about":[{"href":"http:\/\/www.mcsneglene.dk\/index.php?rest_route=\/wp\/v2\/types\/page"}],"author":[{"embeddable":true,"href":"http:\/\/www.mcsneglene.dk\/index.php?rest_route=\/wp\/v2\/users\/1"}],"replies":[{"embeddable":true,"href":"http:\/\/www.mcsneglene.dk\/index.php?rest_route=%2Fwp%2Fv2%2Fcomments&post=867"}],"version-history":[{"count":14,"href":"http:\/\/www.mcsneglene.dk\/index.php?rest_route=\/wp\/v2\/pages\/867\/revisions"}],"predecessor-version":[{"id":2237,"href":"http:\/\/www.mcsneglene.dk\/index.php?rest_route=\/wp\/v2\/pages\/867\/revisions\/2237"}],"wp:attachment":[{"href":"http:\/\/www.mcsneglene.dk\/index.php?rest_route=%2Fwp%2Fv2%2Fmedia&parent=867"}],"curies":[{"name":"wp","href":"https:\/\/api.w.org\/{rel}","templated":true}]}}