{"id":871,"date":"2018-03-10T00:47:20","date_gmt":"2018-03-09T23:47:20","guid":{"rendered":"http:\/\/www.teksoft.dk\/wptest7\/?page_id=871"},"modified":"2023-02-18T02:33:53","modified_gmt":"2023-02-18T01:33:53","slug":"om-os","status":"publish","type":"page","link":"http:\/\/www.mcsneglene.dk\/?page_id=871","title":{"rendered":"Om os"},"content":{"rendered":"\t\t<div data-elementor-type=\"wp-page\" data-elementor-id=\"871\" class=\"elementor elementor-871\" data-elementor-post-type=\"page\">\n\t\t\t\t\t\t<section class=\"elementor-section elementor-top-section elementor-element elementor-element-7a68122 elementor-section-boxed elementor-section-height-default elementor-section-height-default\" data-id=\"7a68122\" data-element_type=\"section\">\n\t\t\t\t\t\t<div class=\"elementor-container elementor-column-gap-default\">\n\t\t\t\t\t<div class=\"elementor-column elementor-col-100 elementor-top-column elementor-element elementor-element-b934d80\" data-id=\"b934d80\" data-element_type=\"column\">\n\t\t\t<div class=\"elementor-widget-wrap elementor-element-populated\">\n\t\t\t\t\t\t<div class=\"elementor-element elementor-element-e3836ab elementor--h-position-center elementor--v-position-middle elementor-arrows-position-inside elementor-pagination-position-inside elementor-widget elementor-widget-slides\" data-id=\"e3836ab\" data-element_type=\"widget\" data-settings=\"{&quot;autoplay_speed&quot;:2000,&quot;transition&quot;:&quot;fade&quot;,&quot;transition_speed&quot;:2500,&quot;navigation&quot;:&quot;both&quot;,&quot;autoplay&quot;:&quot;yes&quot;,&quot;pause_on_interaction&quot;:&quot;yes&quot;,&quot;infinite&quot;:&quot;yes&quot;}\" data-widget_type=\"slides.default\">\n\t\t\t\t<div class=\"elementor-widget-container\">\n\t\t\t\t\t\t\t\t\t<div class=\"elementor-swiper\">\n\t\t\t\t\t<div class=\"elementor-slides-wrapper elementor-main-swiper swiper\" role=\"region\" aria-roledescription=\"carousel\" aria-label=\"Dias (slides)\" dir=\"ltr\" data-animation=\"fadeInUp\">\n\t\t\t\t<div class=\"swiper-wrapper elementor-slides\">\n\t\t\t\t\t\t\t\t\t\t<div class=\"elementor-repeater-item-4625ecd swiper-slide\" role=\"group\" aria-roledescription=\"slide\"><div class=\"swiper-slide-bg\" role=\"img\"><\/div><div class=\"swiper-slide-inner\" ><div class=\"swiper-slide-contents\"><\/div><\/div><\/div><div class=\"elementor-repeater-item-96965c4 swiper-slide\" role=\"group\" aria-roledescription=\"slide\"><div class=\"swiper-slide-bg\" role=\"img\"><\/div><div class=\"swiper-slide-inner\" ><div class=\"swiper-slide-contents\"><\/div><\/div><\/div><div class=\"elementor-repeater-item-b1763cd swiper-slide\" role=\"group\" aria-roledescription=\"slide\"><div class=\"swiper-slide-bg\" role=\"img\"><\/div><div class=\"swiper-slide-inner\" ><div class=\"swiper-slide-contents\"><\/div><\/div><\/div><div class=\"elementor-repeater-item-0c1b037 swiper-slide\" role=\"group\" aria-roledescription=\"slide\"><div class=\"swiper-slide-bg\" role=\"img\"><\/div><div class=\"swiper-slide-inner\" ><div class=\"swiper-slide-contents\"><\/div><\/div><\/div>\t\t\t\t<\/div>\n\t\t\t\t\t\t\t\t\t\t\t\t\t\t\t<div class=\"swiper-pagination\"><\/div>\n\t\t\t\t\t\t\t\t\t\t\t\t\t\t\t\t<div class=\"elementor-swiper-button elementor-swiper-button-prev\" role=\"button\" tabindex=\"0\" aria-label=\"Previous slide\">\n\t\t\t\t\t\t\t<i aria-hidden=\"true\" class=\"eicon-chevron-left\"><\/i>\t\t\t\t\t\t<\/div>\n\t\t\t\t\t\t<div class=\"elementor-swiper-button elementor-swiper-button-next\" role=\"button\" tabindex=\"0\" aria-label=\"Next slide\">\n\t\t\t\t\t\t\t<i aria-hidden=\"true\" class=\"eicon-chevron-right\"><\/i>\t\t\t\t\t\t<\/div>\n\t\t\t\t\t\t\t\t\t\t\t\t<\/div>\n\t\t\t\t<\/div>\n\t\t\t\t\t\t\t\t<\/div>\n\t\t\t\t<\/div>\n\t\t\t\t\t<\/div>\n\t\t<\/div>\n\t\t\t\t\t<\/div>\n\t\t<\/section>\n\t\t\t\t<section class=\"elementor-section elementor-top-section elementor-element elementor-element-a62ba5a elementor-section-boxed elementor-section-height-default elementor-section-height-default\" data-id=\"a62ba5a\" data-element_type=\"section\">\n\t\t\t\t\t\t<div class=\"elementor-container elementor-column-gap-default\">\n\t\t\t\t\t<div class=\"elementor-column elementor-col-100 elementor-top-column elementor-element elementor-element-b1ea485\" data-id=\"b1ea485\" data-element_type=\"column\">\n\t\t\t<div class=\"elementor-widget-wrap elementor-element-populated\">\n\t\t\t\t\t\t<div class=\"elementor-element elementor-element-9c846a1 elementor-widget elementor-widget-text-editor\" data-id=\"9c846a1\" data-element_type=\"widget\" data-widget_type=\"text-editor.default\">\n\t\t\t\t<div class=\"elementor-widget-container\">\n\t\t\t\t\t\t\t\t\t<div class=\"row column-content-wrapper\"><div id=\"content\" class=\"span12 article-container tc-gallery-style\"><article id=\"page-571\" class=\"row-fluid post-571 page type-page status-publish hentry hover\"><div class=\"entry-content\"><div id=\"pl-571\" class=\"panel-layout\"><div id=\"pg-571-1\" class=\"panel-grid panel-no-style\"><div id=\"pgc-571-1-0\" class=\"panel-grid-cell\"><div id=\"panel-571-1-0-0\" class=\"so-panel widget widget_sow-editor panel-first-child panel-last-child\" data-index=\"1\"><div class=\"so-widget-sow-editor so-widget-sow-editor-base\"><div class=\"siteorigin-widget-tinymce textwidget\"><h3><strong><span style=\"color: #ccae8a;\">Historien om os<\/span><\/strong><\/h3><p>Der var engang en lille flok mennesker, som var medlem af Virago- klubben + et par stykker fra Maxim- klubben. Efter lidt tid t\u00e6nkte de at det kunne da v\u00e6re ret fedt at oprette deres egen lille klub. Det gjorde de s\u00e5 i juli 1993.<\/p><p>Til at begynde med blev klubm\u00f8derne afholdt p\u00e5 skift hos hver is\u00e6r. P\u00e5 en af disse hyggelige aftener blev man s\u00e5 enige om at kalde sig for MC Sneglene.<\/p><p>Hvorfor s\u00e5 lige Sneglene? Jo ser I, vi k\u00f8rer alle p\u00e5 chopper\/custom- cykler, det vil sige ikke skide hurtigt, plus vi hygger og er ikke spor farlige.<\/p><p>P\u00e5 en kold december dag skete det s\u00e5. Den dav\u00e6rende formand gik tur med sin chihuahua, som gjorde ham opm\u00e6rksom p\u00e5 et dejligt beliggende lille hus, som den var i f\u00e6rd med at markere (pisse p\u00e5). Det ene med det andet, vi havde f\u00e5et et klubhus, som i tidens l\u00f8b ,og med mange medlemmers blod, sved, t\u00e5rer og \u00f8l, blev indrettet til vores behov, bl.a. med v\u00e6rksted, bar og sofarum.<\/p><p>For\u00e5ret 1994 kom og vi gik det i m\u00f8de med superentusiasme og skinnende motorcykler. Det var tr\u00e6f p\u00e5 tr\u00e6f, fest p\u00e5 fest, f\u00e6llestur p\u00e5 f\u00e6llestur, og s\u00e5dan er det stadigv\u00e6k. Stilen var lagt, og med vores rygm\u00e6rker og gode hum\u00f8r, er vi efterh\u00e5nden b\u00e5de kendt og berygtet (haha) i det ganske lille land.<\/p><p>Vi var nu blevet en velfungerende klub med traditioner.<\/p><p>Vi er en motorcykel- klub der startede i et klubhus p\u00e5 Amager, en oase midt i byen hvor der ikke var langt til offentlige transportmuligheder, grillbar, indk\u00f8bscenter og den lokale politistation, hvor vi var kendt som en fredelig motorcykelklub. Klubben har eksisteret siden 1993 og er efterh\u00e5nden blevet ret velorganiseret. Vi har oparbejdet en stor vennekreds inden for motorcykel- verdenen og det betyder at vi engagerer os meget i andre klubbers arrangementer. Klubben l\u00e5 som sagt midt i byen, men det gav os ikke problemer med naboerne, der ivrigt deltog i vores store fester og som fulgte os fra deres vinduer, n\u00e5r vi grillede i den brostensbelagte g\u00e5rd eller skulle p\u00e5 tur.<\/p><p>Klubhuset var indrettet med et lille, men velfungerende v\u00e6rksted, hvor der var plads til de fleste reparationer. I gangen havde vi en stor info- tavle, hvor man kunne tilmelde sig til aktuelle arrangementer. Herfra kom man ind i \u201d festsalen\u201d, hvor vi havde bygget en 6 meter lang bar og en hygge krog, der forvandles til dansegulv n\u00e5r der er fest. Det sidste rum havde vi indrettet til billard og det gav anledning til en intern turnering, hvor vi ligesom i dart, k\u00e5rede \u00e5rets sneglemester i begge discipliner.<\/p><p>I 2007 blev vi n\u00f8dt til at flytte fra Liflandsgade, da vores klubhus skulle rives ned og vi flyttede derfor til \u00c5gesholmsvej i Sengel\u00f8se hvor vi havde et par gode \u00e5r med fester, snegletr\u00e6f, sommerture og masser af plads i de landlige omgivelser. Men det blev ikke til mere end et par \u00e5r og i 2009 flyttede vi endnu engang til byen, denne gang Valby p\u00e5 Prisholmvej, hvor vi havde et lille lokale og tilh\u00f8rende v\u00e6rksted til en fornuftig pris. I de f\u00f8lgende \u00e5r voksede klubben fra ca 12 til 18 medlemmer og lokalerne blev for sm\u00e5. Vi havde kigget i lang tid uden at finde noget der kunne matche os, men i efter\u00e5ret 2012 lykkedes det os at finde noget brugbart. Derfor m\u00e5tte vi finde flyttekasser frem igen igen og sm\u00f8ge \u00e6rmerne op og flytte til R\u00f8dovre. Vi var klar i november m\u00e5ned og i februar 2013 holdt vi vores f\u00f8rste fest i mange \u00e5r, et s\u00e5kaldt barh\u00e6ng. Vi havde en l\u00e6kker bar med k\u00f8kkenfaciliteter, billard, dart og et lille v\u00e6rksted ogs\u00e5.<\/p><p>I 2016 fik vi en fantastisk mulighed for at flytte til store lokaler i Br\u00f8ndby. Ikke nok med det, men vi fik muligheden for selv at designe og bygge klubhuset op. Klubhuset i dag best\u00e5r af et stort v\u00e6rksted med lifte og v\u00e6rkt\u00f8j, et stort lyst klublokale stadig med billard, dart, k\u00f8kken, hyggehj\u00f8rne og ikke mindst, en k\u00e6mpebar med alt der er brug for til hygge og festlig brug\u00a0 \ud83d\ude42<\/p><p>Det er i disse lokaler vi afholdte BRAGET af en fest i forbindelse med vort 25 \u00e5rs jubil\u00e6um i August 2018.<\/p><\/div><\/div><\/div><\/div><\/div><\/div><\/div><\/article><\/div><\/div>\t\t\t\t\t\t\t\t<\/div>\n\t\t\t\t<\/div>\n\t\t\t\t\t<\/div>\n\t\t<\/div>\n\t\t\t\t\t<\/div>\n\t\t<\/section>\n\t\t\t\t<\/div>\n\t\t","protected":false},"excerpt":{"rendered":"<p>Tidligere N\u00e6ste Historien om os Der var engang en lille flok mennesker, som var medlem af Virago- klubben + et par stykker fra Maxim- klubben. Efter lidt tid t\u00e6nkte de at det kunne da v\u00e6re ret fedt at oprette deres egen lille klub. Det gjorde de s\u00e5 i juli 1993. Til at begynde med blev &#8230; <a title=\"Om os\" class=\"read-more\" href=\"http:\/\/www.mcsneglene.dk\/?page_id=871\" aria-label=\"Read more about Om os\">L\u00e6s mere <\/a><\/p>\n","protected":false},"author":1,"featured_media":0,"parent":0,"menu_order":0,"comment_status":"closed","ping_status":"closed","template":"","meta":{"generate_page_header":"","footnotes":""},"class_list":["post-871","page","type-page","status-publish"],"_links":{"self":[{"href":"http:\/\/www.mcsneglene.dk\/index.php?rest_route=\/wp\/v2\/pages\/871","targetHints":{"allow":["GET"]}}],"collection":[{"href":"http:\/\/www.mcsneglene.dk\/index.php?rest_route=\/wp\/v2\/pages"}],"about":[{"href":"http:\/\/www.mcsneglene.dk\/index.php?rest_route=\/wp\/v2\/types\/page"}],"author":[{"embeddable":true,"href":"http:\/\/www.mcsneglene.dk\/index.php?rest_route=\/wp\/v2\/users\/1"}],"replies":[{"embeddable":true,"href":"http:\/\/www.mcsneglene.dk\/index.php?rest_route=%2Fwp%2Fv2%2Fcomments&post=871"}],"version-history":[{"count":13,"href":"http:\/\/www.mcsneglene.dk\/index.php?rest_route=\/wp\/v2\/pages\/871\/revisions"}],"predecessor-version":[{"id":2234,"href":"http:\/\/www.mcsneglene.dk\/index.php?rest_route=\/wp\/v2\/pages\/871\/revisions\/2234"}],"wp:attachment":[{"href":"http:\/\/www.mcsneglene.dk\/index.php?rest_route=%2Fwp%2Fv2%2Fmedia&parent=871"}],"curies":[{"name":"wp","href":"https:\/\/api.w.org\/{rel}","templated":true}]}}