{"id":9,"date":"2017-08-17T21:55:46","date_gmt":"2017-08-17T19:55:46","guid":{"rendered":"http:\/\/www.teksoft.dk\/wptest7\/?page_id=9"},"modified":"2026-04-03T01:35:05","modified_gmt":"2026-04-02T23:35:05","slug":"forside","status":"publish","type":"page","link":"http:\/\/www.mcsneglene.dk\/","title":{"rendered":"Forside"},"content":{"rendered":"\t\t<div data-elementor-type=\"wp-post\" data-elementor-id=\"9\" class=\"elementor elementor-9\" data-elementor-post-type=\"page\">\n\t\t\t\t\t\t<section class=\"elementor-section elementor-top-section elementor-element elementor-element-9442f85 elementor-hidden-desktop elementor-hidden-tablet elementor-hidden-mobile elementor-section-boxed elementor-section-height-default elementor-section-height-default\" data-id=\"9442f85\" data-element_type=\"section\">\n\t\t\t\t\t\t<div class=\"elementor-container elementor-column-gap-no\">\n\t\t\t\t\t<div class=\"elementor-column elementor-col-100 elementor-top-column elementor-element elementor-element-a85dec3\" data-id=\"a85dec3\" data-element_type=\"column\">\n\t\t\t<div class=\"elementor-widget-wrap elementor-element-populated\">\n\t\t\t\t\t\t<div class=\"elementor-element elementor-element-ed0eff1 elementor--h-position-center elementor--v-position-middle elementor-widget elementor-widget-slides\" data-id=\"ed0eff1\" data-element_type=\"widget\" data-settings=\"{&quot;navigation&quot;:&quot;none&quot;,&quot;transition&quot;:&quot;fade&quot;,&quot;transition_speed&quot;:2000,&quot;autoplay&quot;:&quot;yes&quot;,&quot;pause_on_interaction&quot;:&quot;yes&quot;,&quot;autoplay_speed&quot;:5000,&quot;infinite&quot;:&quot;yes&quot;}\" data-widget_type=\"slides.default\">\n\t\t\t\t<div class=\"elementor-widget-container\">\n\t\t\t\t\t\t\t\t\t<div class=\"elementor-swiper\">\n\t\t\t\t\t<div class=\"elementor-slides-wrapper elementor-main-swiper swiper\" role=\"region\" aria-roledescription=\"carousel\" aria-label=\"Dias (slides)\" dir=\"ltr\" data-animation=\"fadeInUp\">\n\t\t\t\t<div class=\"swiper-wrapper elementor-slides\">\n\t\t\t\t\t\t\t\t\t\t<div class=\"elementor-repeater-item-7e50937 swiper-slide\" role=\"group\" aria-roledescription=\"slide\"><div class=\"swiper-slide-bg\" role=\"img\"><\/div><div class=\"swiper-slide-inner\" ><div class=\"swiper-slide-contents\"><\/div><\/div><\/div><div class=\"elementor-repeater-item-774ae8e swiper-slide\" role=\"group\" aria-roledescription=\"slide\"><div class=\"swiper-slide-bg\" role=\"img\"><\/div><div class=\"swiper-slide-inner\" ><div class=\"swiper-slide-contents\"><\/div><\/div><\/div><div class=\"elementor-repeater-item-300cffc swiper-slide\" role=\"group\" aria-roledescription=\"slide\"><div class=\"swiper-slide-bg\" role=\"img\"><\/div><div class=\"swiper-slide-inner\" ><div class=\"swiper-slide-contents\"><\/div><\/div><\/div><div class=\"elementor-repeater-item-d94fa25 swiper-slide\" role=\"group\" aria-roledescription=\"slide\"><div class=\"swiper-slide-bg\" role=\"img\"><\/div><div class=\"swiper-slide-inner\" ><div class=\"swiper-slide-contents\"><\/div><\/div><\/div><div class=\"elementor-repeater-item-0fa2b03 swiper-slide\" role=\"group\" aria-roledescription=\"slide\"><div class=\"swiper-slide-bg\" role=\"img\"><\/div><div class=\"swiper-slide-inner\" ><div class=\"swiper-slide-contents\"><\/div><\/div><\/div>\t\t\t\t<\/div>\n\t\t\t\t\t\t\t\t\t\t\t\t\t\t\t\t\t\t\t\t\t<\/div>\n\t\t\t\t<\/div>\n\t\t\t\t\t\t\t\t<\/div>\n\t\t\t\t<\/div>\n\t\t\t\t\t<\/div>\n\t\t<\/div>\n\t\t\t\t\t<\/div>\n\t\t<\/section>\n\t\t\t\t<section class=\"elementor-section elementor-top-section elementor-element elementor-element-dbcf71b elementor-section-boxed elementor-section-height-default elementor-section-height-default\" data-id=\"dbcf71b\" data-element_type=\"section\" data-settings=\"{&quot;background_background&quot;:&quot;classic&quot;}\">\n\t\t\t\t\t\t<div class=\"elementor-container elementor-column-gap-default\">\n\t\t\t\t\t<div class=\"elementor-column elementor-col-33 elementor-top-column elementor-element elementor-element-9a8fd09\" data-id=\"9a8fd09\" data-element_type=\"column\" data-settings=\"{&quot;background_background&quot;:&quot;classic&quot;}\">\n\t\t\t<div class=\"elementor-widget-wrap elementor-element-populated\">\n\t\t\t\t\t\t<div class=\"elementor-element elementor-element-1a25cc9 elementor-widget elementor-widget-image\" data-id=\"1a25cc9\" data-element_type=\"widget\" data-widget_type=\"image.default\">\n\t\t\t\t<div class=\"elementor-widget-container\">\n\t\t\t\t\t\t\t\t\t\t\t\t\t\t\t<img fetchpriority=\"high\" decoding=\"async\" width=\"1000\" height=\"667\" src=\"http:\/\/www.mcsneglene.dk\/wp-content\/uploads\/2023\/02\/s1.jpg\" class=\"attachment-full size-full wp-image-2192\" alt=\"\" srcset=\"http:\/\/www.mcsneglene.dk\/wp-content\/uploads\/2023\/02\/s1.jpg 1000w, http:\/\/www.mcsneglene.dk\/wp-content\/uploads\/2023\/02\/s1-300x200.jpg 300w, http:\/\/www.mcsneglene.dk\/wp-content\/uploads\/2023\/02\/s1-768x512.jpg 768w\" sizes=\"(max-width: 1000px) 100vw, 1000px\" \/>\t\t\t\t\t\t\t\t\t\t\t\t\t\t\t<\/div>\n\t\t\t\t<\/div>\n\t\t\t\t\t<\/div>\n\t\t<\/div>\n\t\t\t\t<div class=\"elementor-column elementor-col-33 elementor-top-column elementor-element elementor-element-2d1e931\" data-id=\"2d1e931\" data-element_type=\"column\" data-settings=\"{&quot;background_background&quot;:&quot;classic&quot;}\">\n\t\t\t<div class=\"elementor-widget-wrap elementor-element-populated\">\n\t\t\t\t\t\t<div class=\"elementor-element elementor-element-6295300 elementor-widget elementor-widget-image\" data-id=\"6295300\" data-element_type=\"widget\" data-widget_type=\"image.default\">\n\t\t\t\t<div class=\"elementor-widget-container\">\n\t\t\t\t\t\t\t\t\t\t\t\t\t\t\t<img decoding=\"async\" width=\"1000\" height=\"669\" src=\"http:\/\/www.mcsneglene.dk\/wp-content\/uploads\/2023\/02\/s2.jpg\" class=\"attachment-full size-full wp-image-2193\" alt=\"\" srcset=\"http:\/\/www.mcsneglene.dk\/wp-content\/uploads\/2023\/02\/s2.jpg 1000w, http:\/\/www.mcsneglene.dk\/wp-content\/uploads\/2023\/02\/s2-300x201.jpg 300w, http:\/\/www.mcsneglene.dk\/wp-content\/uploads\/2023\/02\/s2-768x514.jpg 768w\" sizes=\"(max-width: 1000px) 100vw, 1000px\" \/>\t\t\t\t\t\t\t\t\t\t\t\t\t\t\t<\/div>\n\t\t\t\t<\/div>\n\t\t\t\t\t<\/div>\n\t\t<\/div>\n\t\t\t\t<div class=\"elementor-column elementor-col-33 elementor-top-column elementor-element elementor-element-a4a75f6\" data-id=\"a4a75f6\" data-element_type=\"column\" data-settings=\"{&quot;background_background&quot;:&quot;classic&quot;}\">\n\t\t\t<div class=\"elementor-widget-wrap elementor-element-populated\">\n\t\t\t\t\t\t<div class=\"elementor-element elementor-element-3a3e93e elementor-widget elementor-widget-image\" data-id=\"3a3e93e\" data-element_type=\"widget\" data-widget_type=\"image.default\">\n\t\t\t\t<div class=\"elementor-widget-container\">\n\t\t\t\t\t\t\t\t\t\t\t\t\t\t\t<img decoding=\"async\" width=\"1000\" height=\"667\" src=\"http:\/\/www.mcsneglene.dk\/wp-content\/uploads\/2023\/02\/s4.jpg\" class=\"attachment-full size-full wp-image-2194\" alt=\"\" srcset=\"http:\/\/www.mcsneglene.dk\/wp-content\/uploads\/2023\/02\/s4.jpg 1000w, http:\/\/www.mcsneglene.dk\/wp-content\/uploads\/2023\/02\/s4-300x200.jpg 300w, http:\/\/www.mcsneglene.dk\/wp-content\/uploads\/2023\/02\/s4-768x512.jpg 768w\" sizes=\"(max-width: 1000px) 100vw, 1000px\" \/>\t\t\t\t\t\t\t\t\t\t\t\t\t\t\t<\/div>\n\t\t\t\t<\/div>\n\t\t\t\t\t<\/div>\n\t\t<\/div>\n\t\t\t\t\t<\/div>\n\t\t<\/section>\n\t\t\t\t<section class=\"elementor-section elementor-top-section elementor-element elementor-element-e7ffbd7 elementor-section-boxed elementor-section-height-default elementor-section-height-default\" data-id=\"e7ffbd7\" data-element_type=\"section\" data-settings=\"{&quot;background_background&quot;:&quot;classic&quot;}\">\n\t\t\t\t\t\t<div class=\"elementor-container elementor-column-gap-default\">\n\t\t\t\t\t<div class=\"elementor-column elementor-col-100 elementor-top-column elementor-element elementor-element-a990fca\" data-id=\"a990fca\" data-element_type=\"column\" data-settings=\"{&quot;background_background&quot;:&quot;classic&quot;}\">\n\t\t\t<div class=\"elementor-widget-wrap elementor-element-populated\">\n\t\t\t\t\t\t<div class=\"elementor-element elementor-element-8532326 elementor-widget elementor-widget-heading\" data-id=\"8532326\" data-element_type=\"widget\" data-widget_type=\"heading.default\">\n\t\t\t\t<div class=\"elementor-widget-container\">\n\t\t\t\t\t<h2 class=\"elementor-heading-title elementor-size-default\">MC SNEGLENE<\/h2>\t\t\t\t<\/div>\n\t\t\t\t<\/div>\n\t\t\t\t<div class=\"elementor-element elementor-element-833b9c1 elementor-widget elementor-widget-text-editor\" data-id=\"833b9c1\" data-element_type=\"widget\" data-widget_type=\"text-editor.default\">\n\t\t\t\t<div class=\"elementor-widget-container\">\n\t\t\t\t\t\t\t\t\t<p>MC Sneglene er en MC-klub, der har sin begyndelse i 1993.<\/p><p>Igennem tiderne har der v\u00e6ret en naturlig af- og tilgang af medlemmer.<\/p><p>I dag best\u00e5r klubben hovedsageligt af voksne, modne medlemmer, der s\u00e6tter pris p\u00e5 livets goder.<\/p><p>Der vil v\u00e6re klubaftener, hvor Sneglehuset er lukket da vi er ude og k\u00f8re, men check lige med FB gruppen \u201dMC Sneglenes Venner\u201d, hvor vi vil (fors\u00f8ge) at informere hvis vi ikke er i huset.<\/p><p>Som altid er vores venner velkomne til at komme forbi til en kop kaffe eller noget koldt fra k\u00f8leskabet, men husk at der er parkering forbudt p\u00e5 Hedeager, dette er b\u00e5de ude p\u00e5 vejen, og i grus rabatten\/fortovet, og der kommer j\u00e6vnligt P-vagter forbi.<\/p><p>Vores klubaftener er som altid tirsdag og fredag fra kl. 19.00 (dog er sidste tirsdag i m\u00e5neden lukket for klubm\u00f8det).<\/p><p>Vi gl\u00e6der os til at se jer.<\/p><p>Og husk nu: \u201dRide Safe Out There.\u201d<\/p>\t\t\t\t\t\t\t\t<\/div>\n\t\t\t\t<\/div>\n\t\t\t\t\t<\/div>\n\t\t<\/div>\n\t\t\t\t\t<\/div>\n\t\t<\/section>\n\t\t\t\t<section class=\"elementor-section elementor-top-section elementor-element elementor-element-56cacb5 elementor-hidden-desktop elementor-hidden-tablet elementor-hidden-mobile elementor-section-boxed elementor-section-height-default elementor-section-height-default\" data-id=\"56cacb5\" data-element_type=\"section\">\n\t\t\t\t\t\t<div class=\"elementor-container elementor-column-gap-default\">\n\t\t\t\t\t<div class=\"elementor-column elementor-col-33 elementor-top-column elementor-element elementor-element-4fc892c\" data-id=\"4fc892c\" data-element_type=\"column\" data-settings=\"{&quot;background_background&quot;:&quot;classic&quot;}\">\n\t\t\t<div class=\"elementor-widget-wrap elementor-element-populated\">\n\t\t\t\t\t\t<div class=\"elementor-element elementor-element-1dbb0b0 elementor-position-top elementor-widget elementor-widget-image-box\" data-id=\"1dbb0b0\" data-element_type=\"widget\" data-widget_type=\"image-box.default\">\n\t\t\t\t<div class=\"elementor-widget-container\">\n\t\t\t\t\t<div class=\"elementor-image-box-wrapper\"><figure class=\"elementor-image-box-img\"><img loading=\"lazy\" decoding=\"async\" width=\"165\" height=\"180\" src=\"http:\/\/www.mcsneglene.dk\/wp-content\/uploads\/2018\/03\/snegle_logo1.png\" class=\"attachment-full size-full wp-image-724\" alt=\"\" \/><\/figure><div class=\"elementor-image-box-content\"><h3 class=\"elementor-image-box-title\">MC Sneglene<\/h3><p class=\"elementor-image-box-description\">Er et interessef\u00e6llesskab p\u00e5 to hjul.\nF\u00e6llesn\u00e6vnerne hedder kammeratskab, skinnende krom, fede f\u00e6lles ture, og hyggelige stunder. Det er m\u00e5ske ikke det mest intellektuelle, men passionen er \u00e6gte og fascinationen dybdeg\u00e5ende.<\/p><\/div><\/div>\t\t\t\t<\/div>\n\t\t\t\t<\/div>\n\t\t\t\t\t<\/div>\n\t\t<\/div>\n\t\t\t\t<div class=\"elementor-column elementor-col-33 elementor-top-column elementor-element elementor-element-ed25337\" data-id=\"ed25337\" data-element_type=\"column\" data-settings=\"{&quot;background_background&quot;:&quot;classic&quot;}\">\n\t\t\t<div class=\"elementor-widget-wrap elementor-element-populated\">\n\t\t\t\t\t\t<div class=\"elementor-element elementor-element-f1e90fd elementor-position-top elementor-widget elementor-widget-image-box\" data-id=\"f1e90fd\" data-element_type=\"widget\" data-widget_type=\"image-box.default\">\n\t\t\t\t<div class=\"elementor-widget-container\">\n\t\t\t\t\t<div class=\"elementor-image-box-wrapper\"><figure class=\"elementor-image-box-img\"><img loading=\"lazy\" decoding=\"async\" width=\"165\" height=\"180\" src=\"http:\/\/www.mcsneglene.dk\/wp-content\/uploads\/2018\/03\/snegle_logo1.png\" class=\"attachment-full size-full wp-image-724\" alt=\"\" \/><\/figure><div class=\"elementor-image-box-content\"><h3 class=\"elementor-image-box-title\">MC Sneglene<\/h3><p class=\"elementor-image-box-description\">K\u00f8rer p\u00e5 f\u00e6lles ture samt tr\u00e6f I ind\/udland\u2026<br>\nK\u00f8re p\u00e5 MC ferie I en uges tid samt en \u00e5rlig familiehyttetur.<br>\nK\u00f8rer med cancerramte b\u00f8rn.\nAfholder interne konkurrencer<\/p><\/div><\/div>\t\t\t\t<\/div>\n\t\t\t\t<\/div>\n\t\t\t\t\t<\/div>\n\t\t<\/div>\n\t\t\t\t<div class=\"elementor-column elementor-col-33 elementor-top-column elementor-element elementor-element-eb87f3f\" data-id=\"eb87f3f\" data-element_type=\"column\" data-settings=\"{&quot;background_background&quot;:&quot;classic&quot;}\">\n\t\t\t<div class=\"elementor-widget-wrap elementor-element-populated\">\n\t\t\t\t\t\t<div class=\"elementor-element elementor-element-1954d19 elementor-position-top elementor-widget elementor-widget-image-box\" data-id=\"1954d19\" data-element_type=\"widget\" data-widget_type=\"image-box.default\">\n\t\t\t\t<div class=\"elementor-widget-container\">\n\t\t\t\t\t<div class=\"elementor-image-box-wrapper\"><figure class=\"elementor-image-box-img\"><img loading=\"lazy\" decoding=\"async\" width=\"165\" height=\"180\" src=\"http:\/\/www.mcsneglene.dk\/wp-content\/uploads\/2018\/03\/snegle_logo1.png\" class=\"attachment-full size-full wp-image-724\" alt=\"\" \/><\/figure><div class=\"elementor-image-box-content\"><h3 class=\"elementor-image-box-title\">MC Sneglene<\/h3><p class=\"elementor-image-box-description\">\nVi s\u00e6tter ikke fart og attitude \u00f8verst p\u00e5 dagsorden, men det sociale samv\u00e6r med ligesindede v\u00e6gter tungest af alt. Det handler mere om at komme ud og opleve landevejene end om at tilbagel\u00e6gge dem.<\/p><\/div><\/div>\t\t\t\t<\/div>\n\t\t\t\t<\/div>\n\t\t\t\t\t<\/div>\n\t\t<\/div>\n\t\t\t\t\t<\/div>\n\t\t<\/section>\n\t\t\t\t<section class=\"elementor-section elementor-top-section elementor-element elementor-element-12951b1 elementor-section-boxed elementor-section-height-default elementor-section-height-default\" data-id=\"12951b1\" data-element_type=\"section\" data-settings=\"{&quot;background_background&quot;:&quot;classic&quot;}\">\n\t\t\t\t\t\t\t<div class=\"elementor-background-overlay\"><\/div>\n\t\t\t\t\t\t\t<div class=\"elementor-container elementor-column-gap-default\">\n\t\t\t\t\t<div class=\"elementor-column elementor-col-50 elementor-top-column elementor-element elementor-element-4e97fc4\" data-id=\"4e97fc4\" data-element_type=\"column\" data-settings=\"{&quot;background_background&quot;:&quot;classic&quot;}\">\n\t\t\t<div class=\"elementor-widget-wrap elementor-element-populated\">\n\t\t\t\t\t\t<div class=\"elementor-element elementor-element-555b149 elementor-view-default elementor-widget elementor-widget-icon\" data-id=\"555b149\" data-element_type=\"widget\" data-widget_type=\"icon.default\">\n\t\t\t\t<div class=\"elementor-widget-container\">\n\t\t\t\t\t\t\t<div class=\"elementor-icon-wrapper\">\n\t\t\t<div class=\"elementor-icon\">\n\t\t\t<i aria-hidden=\"true\" class=\"fas fa-info-circle\"><\/i>\t\t\t<\/div>\n\t\t<\/div>\n\t\t\t\t\t\t<\/div>\n\t\t\t\t<\/div>\n\t\t\t\t<div class=\"elementor-element elementor-element-0b74106 elementor-widget elementor-widget-heading\" data-id=\"0b74106\" data-element_type=\"widget\" data-widget_type=\"heading.default\">\n\t\t\t\t<div class=\"elementor-widget-container\">\n\t\t\t\t\t<h2 class=\"elementor-heading-title elementor-size-default\">KLUBINFO<\/h2>\t\t\t\t<\/div>\n\t\t\t\t<\/div>\n\t\t\t\t<div class=\"elementor-element elementor-element-3ce00d9 elementor-widget elementor-widget-text-editor\" data-id=\"3ce00d9\" data-element_type=\"widget\" data-widget_type=\"text-editor.default\">\n\t\t\t\t<div class=\"elementor-widget-container\">\n\t\t\t\t\t\t\t\t\t<p>S\u00e5 er 2026 s\u00e6sonen skudt i gang, og vi i MC Sneglene gl\u00e6der os til igen at m\u00f8de jer ude p\u00e5 vejene, p\u00e5 tr\u00e6f og til diverse arrangementer rundt omkring i landet.<br \/><br \/>Der vil v\u00e6re klubaftener, hvor Sneglehuset er lukket da vi er ude og k\u00f8re, men check lige med FB gruppen \u201dMC Sneglenes Venner\u201d, hvor vi vil (fors\u00f8ge) at informere hvis vi ikke er i huset.<br \/><br \/>Som altid er vores venner velkomne til at komme forbi til en kop kaffe eller noget koldt fra k\u00f8leskabet, men husk at der er parkering forbudt p\u00e5 Hedeager, dette er b\u00e5de ude p\u00e5 vejen, og i grus rabatten\/fortovet, og der kommer j\u00e6vnligt P-vagter forbi.<br \/><br \/>Vores klubaftener er som altid tirsdag og fredag fra kl. 19.00 (dog er sidste tirsdag i m\u00e5neden lukket for klubm\u00f8det).<\/p><p>Vi gl\u00e6der os til at se jer.<\/p><p>Og husk nu: \u201dRide Safe Out There.\u201d<\/p>\t\t\t\t\t\t\t\t<\/div>\n\t\t\t\t<\/div>\n\t\t\t\t\t<\/div>\n\t\t<\/div>\n\t\t\t\t<div class=\"elementor-column elementor-col-50 elementor-top-column elementor-element elementor-element-e92f8c7\" data-id=\"e92f8c7\" data-element_type=\"column\" data-settings=\"{&quot;background_background&quot;:&quot;classic&quot;}\">\n\t\t\t<div class=\"elementor-widget-wrap elementor-element-populated\">\n\t\t\t\t\t\t<div class=\"elementor-element elementor-element-989759a animated-slow elementor-invisible elementor-widget elementor-widget-image\" data-id=\"989759a\" data-element_type=\"widget\" data-settings=\"{&quot;_animation&quot;:&quot;fadeInUp&quot;}\" data-widget_type=\"image.default\">\n\t\t\t\t<div class=\"elementor-widget-container\">\n\t\t\t\t\t\t\t\t\t\t\t\t\t\t\t\t<a href=\"http:\/\/www.touringshop.dk\/\">\n\t\t\t\t\t\t\t<img loading=\"lazy\" decoding=\"async\" width=\"300\" height=\"59\" src=\"http:\/\/www.mcsneglene.dk\/wp-content\/uploads\/2023\/02\/touringshop.jpg\" class=\"elementor-animation-grow attachment-full size-full wp-image-2158\" alt=\"\" \/>\t\t\t\t\t\t\t\t<\/a>\n\t\t\t\t\t\t\t\t\t\t\t\t\t\t\t<\/div>\n\t\t\t\t<\/div>\n\t\t\t\t<div class=\"elementor-element elementor-element-f050a7a animated-slow elementor-invisible elementor-widget elementor-widget-image\" data-id=\"f050a7a\" data-element_type=\"widget\" data-settings=\"{&quot;_animation&quot;:&quot;fadeInUp&quot;}\" data-widget_type=\"image.default\">\n\t\t\t\t<div class=\"elementor-widget-container\">\n\t\t\t\t\t\t\t\t\t\t\t\t\t\t\t\t<a href=\"http:\/\/www.cancerbarn.dk\/\">\n\t\t\t\t\t\t\t<img loading=\"lazy\" decoding=\"async\" width=\"300\" height=\"59\" src=\"http:\/\/www.mcsneglene.dk\/wp-content\/uploads\/2023\/02\/boernecancerforen.jpg\" class=\"elementor-animation-grow attachment-full size-full wp-image-2159\" alt=\"\" \/>\t\t\t\t\t\t\t\t<\/a>\n\t\t\t\t\t\t\t\t\t\t\t\t\t\t\t<\/div>\n\t\t\t\t<\/div>\n\t\t\t\t<div class=\"elementor-element elementor-element-9e9fd29 animated-slow elementor-invisible elementor-widget elementor-widget-image\" data-id=\"9e9fd29\" data-element_type=\"widget\" data-settings=\"{&quot;_animation&quot;:&quot;fadeInUp&quot;}\" data-widget_type=\"image.default\">\n\t\t\t\t<div class=\"elementor-widget-container\">\n\t\t\t\t\t\t\t\t\t\t\t\t\t\t\t\t<a href=\"https:\/\/da-dk.facebook.com\/groups\/77289541106\/\">\n\t\t\t\t\t\t\t<img loading=\"lazy\" decoding=\"async\" width=\"300\" height=\"59\" src=\"http:\/\/www.mcsneglene.dk\/wp-content\/uploads\/2023\/02\/facebook-300x59-1.jpg\" class=\"elementor-animation-grow attachment-full size-full wp-image-2160\" alt=\"\" \/>\t\t\t\t\t\t\t\t<\/a>\n\t\t\t\t\t\t\t\t\t\t\t\t\t\t\t<\/div>\n\t\t\t\t<\/div>\n\t\t\t\t\t<\/div>\n\t\t<\/div>\n\t\t\t\t\t<\/div>\n\t\t<\/section>\n\t\t\t\t<\/div>\n\t\t","protected":false},"excerpt":{"rendered":"<p>MC SNEGLENE MC Sneglene er en MC-klub, der har sin begyndelse i 1993. Igennem tiderne har der v\u00e6ret en naturlig af- og tilgang af medlemmer. I dag best\u00e5r klubben hovedsageligt af voksne, modne medlemmer, der s\u00e6tter pris p\u00e5 livets goder. Der vil v\u00e6re klubaftener, hvor Sneglehuset er lukket da vi er ude og k\u00f8re, men &#8230; <a title=\"Forside\" class=\"read-more\" href=\"http:\/\/www.mcsneglene.dk\/\" aria-label=\"Read more about Forside\">L\u00e6s mere <\/a><\/p>\n","protected":false},"author":1,"featured_media":0,"parent":0,"menu_order":0,"comment_status":"closed","ping_status":"closed","template":"","meta":{"generate_page_header":"","footnotes":""},"class_list":["post-9","page","type-page","status-publish"],"_links":{"self":[{"href":"http:\/\/www.mcsneglene.dk\/index.php?rest_route=\/wp\/v2\/pages\/9","targetHints":{"allow":["GET"]}}],"collection":[{"href":"http:\/\/www.mcsneglene.dk\/index.php?rest_route=\/wp\/v2\/pages"}],"about":[{"href":"http:\/\/www.mcsneglene.dk\/index.php?rest_route=\/wp\/v2\/types\/page"}],"author":[{"embeddable":true,"href":"http:\/\/www.mcsneglene.dk\/index.php?rest_route=\/wp\/v2\/users\/1"}],"replies":[{"embeddable":true,"href":"http:\/\/www.mcsneglene.dk\/index.php?rest_route=%2Fwp%2Fv2%2Fcomments&post=9"}],"version-history":[{"count":200,"href":"http:\/\/www.mcsneglene.dk\/index.php?rest_route=\/wp\/v2\/pages\/9\/revisions"}],"predecessor-version":[{"id":2546,"href":"http:\/\/www.mcsneglene.dk\/index.php?rest_route=\/wp\/v2\/pages\/9\/revisions\/2546"}],"wp:attachment":[{"href":"http:\/\/www.mcsneglene.dk\/index.php?rest_route=%2Fwp%2Fv2%2Fmedia&parent=9"}],"curies":[{"name":"wp","href":"https:\/\/api.w.org\/{rel}","templated":true}]}}